{"id":20,"date":"2023-05-02T14:59:31","date_gmt":"2023-05-02T17:59:31","guid":{"rendered":"https:\/\/tipotemporarioblogs.com.br\/gruporadioplan\/blog\/?page_id=20"},"modified":"2026-03-27T09:41:11","modified_gmt":"2026-03-27T12:41:11","slug":"blog","status":"publish","type":"page","link":"https:\/\/roderbrasil.com.br\/blog\/","title":{"rendered":"Blog"},"content":{"rendered":"\n<h1>\n\t\t<a href=\"https:\/\/tipotemporarioblogs.com.br\/roderbrasil\/blog\/\" title=\"Blog Roder Brasil\" target=\"_self\" rel=\"noopener\">\n\t\tBlog Roder Brasil\n\t\t<\/a>\n\t<\/h1>\n\t<p>M\u00e1quinas e Equipamentos Florestais<\/p>\n\t\t\t<a href=\"https:\/\/roderbrasil.com.br\/blog\/agricola\/\" target=\"_self\" role=\"button\">\n\t\t\t\t\t\t\tAgr\u00edcola\n\t\t\t\t\t<\/a>\n\t\t\t<a href=\"https:\/\/roderbrasil.com.br\/blog\/construcao\/\" target=\"_self\" role=\"button\">\n\t\t\t\t\t\t\tConstru\u00e7\u00e3o\n\t\t\t\t\t<\/a>\n\t\t\t<a href=\"https:\/\/roderbrasil.com.br\/blog\/florestal\/\" target=\"_self\" role=\"button\">\n\t\t\t\t\t\t\tFlorestal\n\t\t\t\t\t<\/a>\n\t\t\t<a href=\"https:\/\/roderbrasil.com.br\/blog\/trituracao\/\" target=\"_self\" role=\"button\">\n\t\t\t\t\t\t\tTritura\u00e7\u00e3o\n\t\t\t\t\t<\/a>\n\t\t\t<a href=\"https:\/\/roderbrasil.com.br\/blog\/urbana\/\" target=\"_self\" role=\"button\">\n\t\t\t\t\t\t\tUrbana\n\t\t\t\t\t<\/a>\n\t\t\t<a href=\"https:\/\/roderbrasil.com.br\/blog\/diversos\/\" target=\"_self\" role=\"button\">\n\t\t\t\t\t\t\tDiversos\n\t\t\t\t\t<\/a>\n<h3>\n\t\tTodas as publica\u00e7\u00f5es\n\t<\/h3>\n\t<h3>Deseja receber not\u00edcias e novidades em primeira m\u00e3o?<\/h3>\n\n","protected":false},"excerpt":{"rendered":"<p>Blog Roder Brasil M\u00e1quinas e Equipamentos Florestais Agr\u00edcola Constru\u00e7\u00e3o Florestal Tritura\u00e7\u00e3o Urbana Diversos Todas as publica\u00e7\u00f5es Deseja receber not\u00edcias e novidades em primeira m\u00e3o?<\/p>\n","protected":false},"author":1,"featured_media":0,"parent":0,"menu_order":0,"comment_status":"closed","ping_status":"closed","template":"","meta":{"_kad_post_transparent":"","_kad_post_title":"","_kad_post_layout":"","_kad_post_sidebar_id":"","_kad_post_content_style":"","_kad_post_vertical_padding":"","_kad_post_feature":"","_kad_post_feature_position":"","_kad_post_header":false,"_kad_post_footer":false,"footnotes":""},"class_list":["post-20","page","type-page","status-publish","hentry"],"_links":{"self":[{"href":"https:\/\/roderbrasil.com.br\/blog\/wp-json\/wp\/v2\/pages\/20","targetHints":{"allow":["GET"]}}],"collection":[{"href":"https:\/\/roderbrasil.com.br\/blog\/wp-json\/wp\/v2\/pages"}],"about":[{"href":"https:\/\/roderbrasil.com.br\/blog\/wp-json\/wp\/v2\/types\/page"}],"author":[{"embeddable":true,"href":"https:\/\/roderbrasil.com.br\/blog\/wp-json\/wp\/v2\/users\/1"}],"replies":[{"embeddable":true,"href":"https:\/\/roderbrasil.com.br\/blog\/wp-json\/wp\/v2\/comments?post=20"}],"version-history":[{"count":46,"href":"https:\/\/roderbrasil.com.br\/blog\/wp-json\/wp\/v2\/pages\/20\/revisions"}],"predecessor-version":[{"id":1511,"href":"https:\/\/roderbrasil.com.br\/blog\/wp-json\/wp\/v2\/pages\/20\/revisions\/1511"}],"wp:attachment":[{"href":"https:\/\/roderbrasil.com.br\/blog\/wp-json\/wp\/v2\/media?parent=20"}],"curies":[{"name":"wp","href":"https:\/\/api.w.org\/{rel}","templated":true}]}}